{"id":1213,"date":"2025-12-28T19:46:42","date_gmt":"2025-12-28T19:46:42","guid":{"rendered":"https:\/\/julia-andersen.no\/staging\/?page_id=1213"},"modified":"2026-04-21T13:19:48","modified_gmt":"2026-04-21T13:19:48","slug":"what-is-integrative-therapy-petzold","status":"publish","type":"page","link":"https:\/\/julia-andersen.no\/no-nb\/what-is-integrative-therapy-petzold\/","title":{"rendered":"Hva er integrativ terapi (Hilarion Petzold)?"},"content":{"rendered":"<style>.wp-block-kadence-advancedheading.kt-adv-heading1213_b96ce5-fc, .wp-block-kadence-advancedheading.kt-adv-heading1213_b96ce5-fc[data-kb-block=\"kb-adv-heading1213_b96ce5-fc\"]{font-size:var(--global-kb-font-size-md, 1.25rem);font-style:normal;}.wp-block-kadence-advancedheading.kt-adv-heading1213_b96ce5-fc mark.kt-highlight, .wp-block-kadence-advancedheading.kt-adv-heading1213_b96ce5-fc[data-kb-block=\"kb-adv-heading1213_b96ce5-fc\"] mark.kt-highlight{font-style:normal;color:#f76a0c;-webkit-box-decoration-break:clone;box-decoration-break:clone;padding-top:0px;padding-right:0px;padding-bottom:0px;padding-left:0px;}<\/style>\n<p class=\"kt-adv-heading1213_b96ce5-fc wp-block-kadence-advancedheading\" data-kb-block=\"kb-adv-heading1213_b96ce5-fc\">Integrativ terapi (Hilarion Petzold) er en <strong>en helhetlig, fler\u00admetodisk form for psykoterapi<\/strong> som arbeider med <em>hele mennesket<\/em> \u2013 body, emotions, thoughts, relationships, environment and life situations.\u00a0 Instead of following only one school of thought, it systematically combines well-researched methods &#8211; such as talk therapy, body awareness, movement, mindfulness\/metacognition, art therapy and conflict resolution &#8211; into one coherent approach. This method is informed by modern research in neuroscience, psychology, trauma and more. Because of its clinical rigor, Integrative Therapy is formally recognized in parts of Europe\u2014such as Austria and Switzerland\u2014where it is often covered by public health insurance.<br><br>In parts of Europe \u2013 for example in Austria and Switzerland \u2013 Integrative Therapy is formally recognized and can, in many cases, be covered by public health insurance. This method can be offered both individually and in a group format.\u00a0<br>I v\u00e5rt samarbeid kan vi:<\/p>\n\n\n\n<ul class=\"wp-block-list\">\n<li>Identifisere m\u00e5ter \u00e5 st\u00f8tte deg i en krevende livssituasjon<\/li>\n\n\n\n<li>Explore your thoughts and feelings and how they are connected<\/li>\n\n\n\n<li>Pay attention to the body (tension, breathing, posture, movement)<\/li>\n\n\n\n<li>Use creative or experiential methods (for example imagery, drawing, role play) when helpful<\/li>\n\n\n\n<li>Look at your relationships, your history and the environment you live in<\/li>\n\n\n\n<li>Work on concrete steps and new ways of acting in everyday life<\/li>\n<\/ul>\n\n\n<style>.wp-block-kadence-advancedheading.kt-adv-heading1213_53c450-39, .wp-block-kadence-advancedheading.kt-adv-heading1213_53c450-39[data-kb-block=\"kb-adv-heading1213_53c450-39\"]{font-style:normal;}.wp-block-kadence-advancedheading.kt-adv-heading1213_53c450-39 mark.kt-highlight, .wp-block-kadence-advancedheading.kt-adv-heading1213_53c450-39[data-kb-block=\"kb-adv-heading1213_53c450-39\"] mark.kt-highlight{font-style:normal;color:#f76a0c;-webkit-box-decoration-break:clone;box-decoration-break:clone;padding-top:0px;padding-right:0px;padding-bottom:0px;padding-left:0px;}<\/style>\n<p class=\"kt-adv-heading1213_53c450-39 wp-block-kadence-advancedheading\" data-kb-block=\"kb-adv-heading1213_53c450-39\">The goal is to support you in developing more stability, resilience and freedom of choice: to feel more at home in yourself, in your body and in your relationships, and to find ways of living that fit <em>your values and goals<\/em>.<\/p>","protected":false},"excerpt":{"rendered":"<p>Integrative Therapy (Petzold) is a holistic, multi-method form of psychotherapy that works with the whole person \u2013 body, emotions, thoughts, relationships, environment and life situations.\u00a0 Instead of following only one school of thought, it systematically combines well-researched methods &#8211; such as talk therapy, body awareness, movement, mindfulness\/metacognition, art therapy and conflict resolution &#8211; into one&#8230;<\/p>","protected":false},"author":2,"featured_media":0,"parent":0,"menu_order":0,"comment_status":"closed","ping_status":"closed","template":"","meta":{"_kad_blocks_custom_css":"","_kad_blocks_head_custom_js":"","_kad_blocks_body_custom_js":"","_kad_blocks_footer_custom_js":"","_kadence_starter_templates_imported_post":false,"_kad_post_transparent":"","_kad_post_title":"","_kad_post_layout":"","_kad_post_sidebar_id":"","_kad_post_content_style":"","_kad_post_vertical_padding":"","_kad_post_feature":"","_kad_post_feature_position":"","_kad_post_header":false,"_kad_post_footer":false,"_kad_post_classname":"","footnotes":""},"class_list":["post-1213","page","type-page","status-publish","hentry"],"taxonomy_info":[],"featured_image_src_large":false,"author_info":{"display_name":"Roar Eriksen","author_link":"https:\/\/julia-andersen.no\/no-nb\/author\/roareriksen-edu\/"},"comment_info":0,"_links":{"self":[{"href":"https:\/\/julia-andersen.no\/no-nb\/wp-json\/wp\/v2\/pages\/1213","targetHints":{"allow":["GET"]}}],"collection":[{"href":"https:\/\/julia-andersen.no\/no-nb\/wp-json\/wp\/v2\/pages"}],"about":[{"href":"https:\/\/julia-andersen.no\/no-nb\/wp-json\/wp\/v2\/types\/page"}],"author":[{"embeddable":true,"href":"https:\/\/julia-andersen.no\/no-nb\/wp-json\/wp\/v2\/users\/2"}],"replies":[{"embeddable":true,"href":"https:\/\/julia-andersen.no\/no-nb\/wp-json\/wp\/v2\/comments?post=1213"}],"version-history":[{"count":2,"href":"https:\/\/julia-andersen.no\/no-nb\/wp-json\/wp\/v2\/pages\/1213\/revisions"}],"predecessor-version":[{"id":1226,"href":"https:\/\/julia-andersen.no\/no-nb\/wp-json\/wp\/v2\/pages\/1213\/revisions\/1226"}],"wp:attachment":[{"href":"https:\/\/julia-andersen.no\/no-nb\/wp-json\/wp\/v2\/media?parent=1213"}],"curies":[{"name":"wp","href":"https:\/\/api.w.org\/{rel}","templated":true}]}}